

{"id":51,"date":"2022-01-28T09:40:10","date_gmt":"2022-01-28T09:40:10","guid":{"rendered":"https:\/\/expoinformatika.hu\/?page_id=51"},"modified":"2022-01-28T10:12:56","modified_gmt":"2022-01-28T10:12:56","slug":"eregistrator","status":"publish","type":"page","link":"https:\/\/expoinformatika.hu\/?page_id=51","title":{"rendered":"eRegistrator"},"content":{"rendered":"<p>[et_pb_section fb_built=&#8221;1&#8243; custom_padding_last_edited=&#8221;on|desktop&#8221; admin_label=&#8221;Header&#8221; _builder_version=&#8221;4.14.7&#8243; use_background_color_gradient=&#8221;on&#8221; background_color_gradient_start=&#8221;rgba(0,79,140,0.34)&#8221; background_color_gradient_end=&#8221;rgba(0,56,94,0.75)&#8221; background_color_gradient_type=&#8221;radial&#8221; background_color_gradient_direction_radial=&#8221;top left&#8221; background_color_gradient_end_position=&#8221;50%&#8221; background_color_gradient_overlays_image=&#8221;on&#8221; background_image=&#8221;https:\/\/expoinformatika.hu\/wp-content\/uploads\/2022\/01\/data-management.png&#8221; custom_padding=&#8221;10vh|0|16vh||false|false&#8221; custom_padding_tablet=&#8221;10vh||10vh||false&#8221; custom_padding_phone=&#8221;5vh||5vh||false&#8221; top_divider_color=&#8221;rgba(12,113,195,0.11)&#8221; top_divider_height=&#8221;750px&#8221; top_divider_flip=&#8221;horizontal&#8221; bottom_divider_style=&#8221;wave2&#8243; bottom_divider_color=&#8221;#ffffff&#8221; bottom_divider_height=&#8221;3vw&#8221; bottom_divider_flip=&#8221;vertical&#8221; hover_enabled=&#8221;0&#8243; global_colors_info=&#8221;{}&#8221; parallax=&#8221;on&#8221; parallax_method=&#8221;off&#8221; sticky_enabled=&#8221;0&#8243;][et_pb_row _builder_version=&#8221;3.25&#8243; global_colors_info=&#8221;{}&#8221;][et_pb_column type=&#8221;4_4&#8243; _builder_version=&#8221;3.25&#8243; custom_padding=&#8221;|||&#8221; global_colors_info=&#8221;{}&#8221; custom_padding__hover=&#8221;|||&#8221;][et_pb_text _builder_version=&#8221;3.27.4&#8243; text_font=&#8221;||||||||&#8221; ul_font=&#8221;||||||||&#8221; ol_font=&#8221;||||||||&#8221; header_font=&#8221;Vollkorn||||||||&#8221; header_font_size=&#8221;84px&#8221; header_letter_spacing=&#8221;1px&#8221; header_line_height=&#8221;1.2em&#8221; header_2_font=&#8221;Vollkorn||||||||&#8221; header_2_font_size=&#8221;44px&#8221; header_2_letter_spacing=&#8221;1px&#8221; header_2_line_height=&#8221;1.4em&#8221; header_3_font=&#8221;||||||||&#8221; header_4_font=&#8221;||||||||&#8221; header_5_font=&#8221;||||||||&#8221; header_6_font=&#8221;||||||||&#8221; background_layout=&#8221;dark&#8221; max_width=&#8221;800px&#8221; module_alignment=&#8221;left&#8221; custom_margin=&#8221;||20px|&#8221; animation_style=&#8221;slide&#8221; animation_direction=&#8221;left&#8221; animation_intensity_slide=&#8221;2%&#8221; header_font_size_tablet=&#8221;35px&#8221; header_font_size_phone=&#8221;30px&#8221; header_font_size_last_edited=&#8221;on|desktop&#8221; header_2_font_size_tablet=&#8221;35px&#8221; header_2_font_size_phone=&#8221;30px&#8221; header_2_font_size_last_edited=&#8221;on|desktop&#8221; global_colors_info=&#8221;{}&#8221;]<\/p>\n<h1>eRegistrator<\/h1>\n<p>[\/et_pb_text][\/et_pb_column][\/et_pb_row][\/et_pb_section][et_pb_section fb_built=&#8221;1&#8243; admin_label=&#8221;Process&#8221; _builder_version=&#8221;4.14.7&#8243; custom_padding=&#8221;0px|||||&#8221; global_colors_info=&#8221;{}&#8221;][et_pb_row column_structure=&#8221;1_5,1_5,1_5,1_5,1_5&#8243; use_custom_gutter=&#8221;on&#8221; gutter_width=&#8221;2&#8243; _builder_version=&#8221;3.25&#8243; max_width=&#8221;1400px&#8221; custom_padding=&#8221;23px|0px|27px|0px|false|false&#8221; use_custom_width=&#8221;on&#8221; custom_width_px=&#8221;1400px&#8221; global_colors_info=&#8221;{}&#8221;][et_pb_column type=&#8221;1_5&#8243; _builder_version=&#8221;3.25&#8243; custom_padding=&#8221;|||&#8221; global_colors_info=&#8221;{}&#8221; custom_padding__hover=&#8221;|||&#8221;][et_pb_blurb image=&#8221;https:\/\/expoinformatika.hu\/wp-content\/uploads\/2022\/01\/tevekenyseg.png&#8221; image_icon_width=&#8221;80px&#8221; _builder_version=&#8221;4.14.7&#8243; header_font=&#8221;Vollkorn||||||||&#8221; header_font_size=&#8221;20px&#8221; header_line_height=&#8221;1.5em&#8221; body_font=&#8221;||||||||&#8221; body_line_height=&#8221;1.9em&#8221; text_orientation=&#8221;center&#8221; animation_style=&#8221;slide&#8221; animation_direction=&#8221;top&#8221; animation_intensity_slide=&#8221;2%&#8221; animation=&#8221;off&#8221; hover_enabled=&#8221;0&#8243; header_font_size_tablet=&#8221;30px&#8221; header_font_size_phone=&#8221;25px&#8221; header_font_size_last_edited=&#8221;off|desktop&#8221; border_radii_image=&#8221;on|100px|100px|100px|100px&#8221; border_width_all_image=&#8221;10px&#8221; border_color_all_image=&#8221;#ffffff&#8221; box_shadow_style_image=&#8221;preset5&#8243; box_shadow_vertical_image=&#8221;0px&#8221; box_shadow_spread_image=&#8221;2px&#8221; box_shadow_color_image=&#8221;#eceff3&#8243; image_max_width=&#8221;80px&#8221; global_colors_info=&#8221;{}&#8221; title_text=&#8221;tevekenyseg&#8221; sticky_enabled=&#8221;0&#8243;]<\/p>\n<p>Az egyes munka\u00e1llom\u00e1sok h\u00e1l\u00f3zatban \u00e9s \u00f6n\u00e1ll\u00f3an is k\u00e9pesek m\u0171k\u00f6dni (a rendszer alapvet\u0151en h\u00e1l\u00f3zatban t\u00f6rt\u00e9n\u0151 \u00fczemeletet\u00e9sre van felk\u00e9sz\u00edtve)<\/p>\n<p>[\/et_pb_blurb][\/et_pb_column][et_pb_column type=&#8221;1_5&#8243; _builder_version=&#8221;3.25&#8243; custom_padding=&#8221;6%|||&#8221; custom_padding_tablet=&#8221;0%|||&#8221; custom_padding_phone=&#8221;0%|||&#8221; custom_padding_last_edited=&#8221;on|tablet&#8221; global_colors_info=&#8221;{}&#8221; padding_tablet=&#8221;0%|||&#8221; padding_last_edited=&#8221;on|tablet&#8221; custom_padding__hover=&#8221;|||&#8221; padding_phone=&#8221;0%|||&#8221;][et_pb_blurb image=&#8221;https:\/\/expoinformatika.hu\/wp-content\/uploads\/2022\/01\/success.png&#8221; image_icon_width=&#8221;80px&#8221; _builder_version=&#8221;4.14.7&#8243; header_font=&#8221;Vollkorn||||||||&#8221; header_font_size=&#8221;20px&#8221; header_line_height=&#8221;1.5em&#8221; body_font=&#8221;||||||||&#8221; body_line_height=&#8221;1.9em&#8221; text_orientation=&#8221;center&#8221; animation_style=&#8221;slide&#8221; animation_direction=&#8221;top&#8221; animation_intensity_slide=&#8221;22%&#8221; animation=&#8221;off&#8221; hover_enabled=&#8221;0&#8243; header_font_size_tablet=&#8221;30px&#8221; header_font_size_phone=&#8221;25px&#8221; header_font_size_last_edited=&#8221;off|desktop&#8221; border_radii_image=&#8221;on|100px|100px|100px|100px&#8221; border_width_all_image=&#8221;10px&#8221; border_color_all_image=&#8221;#ffffff&#8221; box_shadow_style_image=&#8221;preset5&#8243; box_shadow_vertical_image=&#8221;0px&#8221; box_shadow_spread_image=&#8221;2px&#8221; box_shadow_color_image=&#8221;#eceff3&#8243; image_max_width=&#8221;80px&#8221; global_colors_info=&#8221;{}&#8221; title_text=&#8221;success&#8221; sticky_enabled=&#8221;0&#8243;]<\/p>\n<p>B\u00e1rmikor, b\u00e1rhov\u00e1 telep\u00edthet\u0151 \u00e9s haszn\u00e1lhat\u00f3<\/p>\n<p>[\/et_pb_blurb][\/et_pb_column][et_pb_column type=&#8221;1_5&#8243; _builder_version=&#8221;3.25&#8243; custom_padding=&#8221;9%|||&#8221; custom_padding_tablet=&#8221;0%|||&#8221; custom_padding_phone=&#8221;0%|||&#8221; custom_padding_last_edited=&#8221;on|tablet&#8221; global_colors_info=&#8221;{}&#8221; padding_tablet=&#8221;0%|||&#8221; padding_last_edited=&#8221;on|tablet&#8221; custom_padding__hover=&#8221;|||&#8221; padding_phone=&#8221;0%|||&#8221;][et_pb_blurb image=&#8221;https:\/\/expoinformatika.hu\/wp-content\/uploads\/2022\/01\/kiallitasok.png&#8221; image_icon_width=&#8221;80px&#8221; _builder_version=&#8221;4.14.7&#8243; header_font=&#8221;Vollkorn||||||||&#8221; header_font_size=&#8221;20px&#8221; header_line_height=&#8221;1.5em&#8221; body_font=&#8221;||||||||&#8221; body_line_height=&#8221;1.9em&#8221; text_orientation=&#8221;center&#8221; animation_style=&#8221;slide&#8221; animation_direction=&#8221;top&#8221; animation_intensity_slide=&#8221;26%&#8221; animation=&#8221;off&#8221; hover_enabled=&#8221;0&#8243; header_font_size_tablet=&#8221;30px&#8221; header_font_size_phone=&#8221;25px&#8221; header_font_size_last_edited=&#8221;off|desktop&#8221; border_radii_image=&#8221;on|100px|100px|100px|100px&#8221; border_width_all_image=&#8221;10px&#8221; border_color_all_image=&#8221;#ffffff&#8221; box_shadow_style_image=&#8221;preset5&#8243; box_shadow_vertical_image=&#8221;0px&#8221; box_shadow_spread_image=&#8221;2px&#8221; box_shadow_color_image=&#8221;#eceff3&#8243; image_max_width=&#8221;80px&#8221; locked=&#8221;off&#8221; global_colors_info=&#8221;{}&#8221; title_text=&#8221;kiallitasok&#8221; sticky_enabled=&#8221;0&#8243;]<\/p>\n<p>Nem befoly\u00e1solhatja a megrendel\u0151 megl\u00e9v\u0151 rendszer\u00e9nek meghib\u00e1sod\u00e1sa (adatbiztons\u00e1g, \u00fczembiztons\u00e1g)<\/p>\n<p>[\/et_pb_blurb][\/et_pb_column][et_pb_column type=&#8221;1_5&#8243; _builder_version=&#8221;3.25&#8243; custom_padding=&#8221;6%|||&#8221; custom_padding_tablet=&#8221;0%|||&#8221; custom_padding_phone=&#8221;0%|||&#8221; custom_padding_last_edited=&#8221;on|tablet&#8221; global_colors_info=&#8221;{}&#8221; padding_tablet=&#8221;0%|||&#8221; padding_last_edited=&#8221;on|tablet&#8221; custom_padding__hover=&#8221;|||&#8221; padding_phone=&#8221;0%|||&#8221;][et_pb_blurb image=&#8221;https:\/\/expoinformatika.hu\/wp-content\/uploads\/2022\/01\/hand-id.png&#8221; image_icon_width=&#8221;80px&#8221; _builder_version=&#8221;4.14.7&#8243; header_font=&#8221;Vollkorn||||||||&#8221; header_font_size=&#8221;20px&#8221; header_line_height=&#8221;1.5em&#8221; body_font=&#8221;||||||||&#8221; body_line_height=&#8221;1.9em&#8221; text_orientation=&#8221;center&#8221; animation_style=&#8221;slide&#8221; animation_direction=&#8221;top&#8221; animation_intensity_slide=&#8221;22%&#8221; animation=&#8221;off&#8221; hover_enabled=&#8221;0&#8243; header_font_size_tablet=&#8221;30px&#8221; header_font_size_phone=&#8221;25px&#8221; header_font_size_last_edited=&#8221;off|desktop&#8221; border_radii_image=&#8221;on|100px|100px|100px|100px&#8221; border_width_all_image=&#8221;10px&#8221; border_color_all_image=&#8221;#ffffff&#8221; box_shadow_style_image=&#8221;preset5&#8243; box_shadow_vertical_image=&#8221;0px&#8221; box_shadow_spread_image=&#8221;2px&#8221; box_shadow_color_image=&#8221;#eceff3&#8243; image_max_width=&#8221;80px&#8221; global_colors_info=&#8221;{}&#8221; title_text=&#8221;hand-id&#8221; sticky_enabled=&#8221;0&#8243;]<\/p>\n<p>B\u00e9relhet\u0151<\/p>\n<p>[\/et_pb_blurb][\/et_pb_column][et_pb_column type=&#8221;1_5&#8243; _builder_version=&#8221;3.25&#8243; custom_padding=&#8221;|||&#8221; global_colors_info=&#8221;{}&#8221; custom_padding__hover=&#8221;|||&#8221;][et_pb_blurb image=&#8221;https:\/\/expoinformatika.hu\/wp-content\/uploads\/2022\/01\/letoltes.png&#8221; image_icon_width=&#8221;80px&#8221; _builder_version=&#8221;4.14.7&#8243; header_font=&#8221;Vollkorn||||||||&#8221; header_font_size=&#8221;20px&#8221; header_line_height=&#8221;1.5em&#8221; body_font=&#8221;||||||||&#8221; body_line_height=&#8221;1.9em&#8221; text_orientation=&#8221;center&#8221; animation_style=&#8221;slide&#8221; animation_direction=&#8221;top&#8221; animation_intensity_slide=&#8221;2%&#8221; animation=&#8221;off&#8221; hover_enabled=&#8221;0&#8243; header_font_size_tablet=&#8221;30px&#8221; header_font_size_phone=&#8221;25px&#8221; header_font_size_last_edited=&#8221;off|desktop&#8221; border_radii_image=&#8221;on|100px|100px|100px|100px&#8221; border_width_all_image=&#8221;10px&#8221; border_color_all_image=&#8221;#ffffff&#8221; box_shadow_style_image=&#8221;preset5&#8243; box_shadow_vertical_image=&#8221;0px&#8221; box_shadow_spread_image=&#8221;2px&#8221; box_shadow_color_image=&#8221;#eceff3&#8243; image_max_width=&#8221;80px&#8221; global_colors_info=&#8221;{}&#8221; title_text=&#8221;letoltes&#8221; sticky_enabled=&#8221;0&#8243;]<\/p>\n<p>Rendezv\u00e9nyt k\u00f6vet\u0151en a gy\u0171jt\u00f6tt adatok export\u00e1lhat\u00f3k, tetsz\u0151leges egy\u00e9b rendszerbe bet\u00f6lthet\u0151k<\/p>\n<p>[\/et_pb_blurb][\/et_pb_column][\/et_pb_row][\/et_pb_section][et_pb_section fb_built=&#8221;1&#8243; theme_builder_area=&#8221;post_content&#8221; _builder_version=&#8221;4.14.7&#8243; _module_preset=&#8221;default&#8221;][et_pb_row _builder_version=&#8221;4.14.7&#8243; _module_preset=&#8221;default&#8221; theme_builder_area=&#8221;post_content&#8221;][et_pb_column _builder_version=&#8221;4.14.7&#8243; _module_preset=&#8221;default&#8221; type=&#8221;4_4&#8243; theme_builder_area=&#8221;post_content&#8221;][et_pb_text _builder_version=&#8221;4.14.7&#8243; _module_preset=&#8221;default&#8221; theme_builder_area=&#8221;post_content&#8221; hover_enabled=&#8221;0&#8243; sticky_enabled=&#8221;0&#8243;]<\/p>\n<h1 style=\"text-align: center;\">ONLINE JEGY\u00c9RT\u00c9KES\u00cdT\u00c9S \u2013 eRegistrator<\/h1>\n<p style=\"text-align: justify;\">Mobil eszk\u00f6z\u00f6kkel t\u00e1mogatott elektronikus regisztr\u00e1ci\u00f3s, jegyforgalmaz\u00f3, bel\u00e9ptet\u0151 \u00e9s nyilv\u00e1ntart\u00f3 rendszer, az orsz\u00e1g legnagyobb l\u00e1togat\u00f3sz\u00e1m\u00fa rendezv\u00e9nyeinek h\u00e1tter\u00e9ben. Korszer\u0171 megold\u00e1s a jegyforgalmaz\u00e1st\u00f3l (regisztr\u00e1ci\u00f3t\u00f3l) a rendezv\u00e9nyre t\u00f6rt\u00e9n\u0151 bel\u00e9ptet\u00e9sig .Az eRegistrator rendszer komplex megold\u00e1st k\u00edn\u00e1l a rendezv\u00e9ny helysz\u00ednt \u00fczemeltet\u0151 vagy rendezv\u00e9nyt szervez\u0151 v\u00e1llalatok sz\u00e1m\u00e1ra a regisztr\u00e1ci\u00f3\/jegy\u00e9rt\u00e9kes\u00edt\u00e9s kezdet\u00e9t\u0151l a helysz\u00edni jegy\u00e9rt\u00e9kes\u00edt\u00e9sen kereszt\u00fcl a l\u00e1togat\u00f3k bel\u00e9ptet\u00e9s\u00e9ig. Legyen sz\u00f3 egy egyszeri v\u00e1llalati rendezv\u00e9nyr\u0151l, sportesem\u00e9nyr\u0151l vagy ak\u00e1r egy koncert helysz\u00ednr\u0151l, az eRegistrator haszn\u00e1lat\u00e1val automatiz\u00e1lhatja a regisztr\u00e1ci\u00f3t vagy jegy\u00e9rt\u00e9kes\u00edt\u00e9st. A rendezv\u00e9ny vagy esem\u00e9ny napj\u00e1n megel\u0151zheti a tumultus kialakul\u00e1s\u00e1t a bel\u00e9ptet\u00e9sn\u00e9l a mobil jegyellen\u0151rz\u0151 termin\u00e1lok haszn\u00e1lat\u00e1val.<\/p>\n<p style=\"text-align: justify;\">\n<h3 style=\"text-align: center;\">Hogyan m\u0171k\u00f6dik az eRegistrator? \u2013 Rendezv\u00e9ny lebonyol\u00edt\u00e1sa 4 egyszer\u0171 l\u00e9p\u00e9sben<\/h3>\n<p>[\/et_pb_text][\/et_pb_column][\/et_pb_row][\/et_pb_section][et_pb_section fb_built=&#8221;1&#8243; fullwidth=&#8221;on&#8221; theme_builder_area=&#8221;post_content&#8221; _builder_version=&#8221;4.14.7&#8243; _module_preset=&#8221;default&#8221; bottom_divider_style=&#8221;graph3&#8243; hover_enabled=&#8221;0&#8243; sticky_enabled=&#8221;0&#8243; next_background_color=&#8221;#000000&#8243;][et_pb_fullwidth_slider _builder_version=&#8221;4.14.7&#8243; _module_preset=&#8221;default&#8221; theme_builder_area=&#8221;post_content&#8221; hover_enabled=&#8221;0&#8243; sticky_enabled=&#8221;0&#8243; body_font=&#8221;Montserrat||||||||&#8221; body_text_color=&#8221;#000000&#8243; body_font_size=&#8221;16px&#8221; custom_padding=&#8221;42px||159px|||&#8221; arrows_custom_color=&#8221;#000000&#8243; text_shadow_style=&#8221;preset2&#8243; custom_button=&#8221;on&#8221; animation_style=&#8221;zoom&#8221; button_text_color=&#8221;#000000&#8243;][et_pb_slide _builder_version=&#8221;4.14.7&#8243; _module_preset=&#8221;default&#8221; theme_builder_area=&#8221;post_content&#8221; hover_enabled=&#8221;0&#8243; sticky_enabled=&#8221;0&#8243;]<\/p>\n<p>A kifinomult webes fel\u00fcleten kereszt\u00fcl regisztr\u00e1lhatnak az \u00e9rdekl\u0151d\u0151k, vagy megv\u00e1s\u00e1rolhatj\u00e1k a bel\u00e9p\u0151jegy\u00fcket. A fel\u00fcleten lehet\u0151s\u00e9g van a hitelk\u00e1rty\u00e1s fizet\u00e9sre is. A webes fel\u00fclet egyszer\u0171en be\u00e9p\u00edthet\u0151 a saj\u00e1t vagy \u00e9rt\u00e9kes\u00edt\u0151 partnerei weboldal\u00e1ba is, vagy \u00fczemelhet az eRegistrator saj\u00e1t webes fel\u00fclet\u00e9n.<\/p>\n<p>[\/et_pb_slide][et_pb_slide _builder_version=&#8221;4.14.7&#8243; _module_preset=&#8221;default&#8221; theme_builder_area=&#8221;post_content&#8221; hover_enabled=&#8221;0&#8243; sticky_enabled=&#8221;0&#8243;]<\/p>\n<p>A sikeres regisztr\u00e1ci\u00f3r\u00f3l vagy jegyv\u00e1s\u00e1rl\u00e1sr\u00f3l egy vonalk\u00f3ddal ell\u00e1tott visszaigazol\u00e1st\/bel\u00e9p\u0151jegyet kap a l\u00e1togat\u00f3, melyet kinyomtathat otthon\u00e1ban. Amennyiben mobiltelefonra t\u00f6lti le a jegyet, nem sz\u00fcks\u00e9ges kinyomtatni sem, elegend\u0151 a mobiltelefonj\u00e1t felmutatni.<\/p>\n<p>[\/et_pb_slide][et_pb_slide _builder_version=&#8221;4.14.7&#8243; _module_preset=&#8221;default&#8221; theme_builder_area=&#8221;post_content&#8221; hover_enabled=&#8221;0&#8243; sticky_enabled=&#8221;0&#8243;]<\/p>\n<p>A rendezv\u00e9ny vagy esem\u00e9ny helysz\u00edn\u00e9n a kinyomtatott jegyen, illetve mobiltelefonon tal\u00e1lhat\u00f3 vonalk\u00f3dot mobil termin\u00e1lokkal olvassa le a bel\u00e9ptet\u00e9st v\u00e9gz\u0151 szem\u00e9lyzet. A termin\u00e1l ellen\u0151rzi a jegy \u00e9rv\u00e9nyess\u00e9g\u00e9t. Lehet\u0151s\u00e9g van nagyobb l\u00e9tsz\u00e1m\u00fa rendezv\u00e9nyeken forg\u00f3vill\u00e1s kapuk haszn\u00e1lat\u00e1val automatiz\u00e1lni a bel\u00e9ptet\u00e9st.<\/p>\n<p>[\/et_pb_slide][et_pb_slide _builder_version=&#8221;4.14.7&#8243; _module_preset=&#8221;default&#8221; theme_builder_area=&#8221;post_content&#8221; hover_enabled=&#8221;0&#8243; sticky_enabled=&#8221;0&#8243;]<\/p>\n<p>A h\u00e1tt\u00e9r rendszer val\u00f3sidej\u0171 adatokat szolg\u00e1ltat a rendezv\u00e9nyen tart\u00f3zkod\u00f3 l\u00e9tsz\u00e1mr\u00f3l, jegy\u00e9rt\u00e9kes\u00edt\u00e9si adatokr\u00f3l, az egyes esem\u00e9nyek l\u00e1togatotts\u00e1g\u00e1r\u00f3l. A maxim\u00e1lis befogad\u00f3k\u00e9pess\u00e9g el\u00e9r\u00e9s\u00e9r\u0151l riaszt\u00e1st k\u00fcld a rendszer, illetve korl\u00e1tozhatja a tov\u00e1bbi bel\u00e9ptet\u00e9st.<\/p>\n<p>[\/et_pb_slide][\/et_pb_fullwidth_slider][\/et_pb_section]<\/p>\n","protected":false},"excerpt":{"rendered":"<p>eRegistratorAz egyes munka\u00e1llom\u00e1sok h\u00e1l\u00f3zatban \u00e9s \u00f6n\u00e1ll\u00f3an is k\u00e9pesek m\u0171k\u00f6dni (a rendszer alapvet\u0151en h\u00e1l\u00f3zatban t\u00f6rt\u00e9n\u0151 \u00fczemeletet\u00e9sre van felk\u00e9sz\u00edtve)B\u00e1rmikor, b\u00e1rhov\u00e1 telep\u00edthet\u0151 \u00e9s haszn\u00e1lhat\u00f3Nem befoly\u00e1solhatja a megrendel\u0151 megl\u00e9v\u0151 rendszer\u00e9nek meghib\u00e1sod\u00e1sa (adatbiztons\u00e1g, \u00fczembiztons\u00e1g)B\u00e9relhet\u0151Rendezv\u00e9nyt k\u00f6vet\u0151en a gy\u0171jt\u00f6tt adatok export\u00e1lhat\u00f3k, tetsz\u0151leges egy\u00e9b rendszerbe bet\u00f6lthet\u0151kONLINE JEGY\u00c9RT\u00c9KES\u00cdT\u00c9S \u2013 eRegistrator Mobil eszk\u00f6z\u00f6kkel t\u00e1mogatott elektronikus regisztr\u00e1ci\u00f3s, jegyforgalmaz\u00f3, bel\u00e9ptet\u0151 \u00e9s nyilv\u00e1ntart\u00f3 rendszer, az orsz\u00e1g legnagyobb l\u00e1togat\u00f3sz\u00e1m\u00fa [&hellip;]<\/p>\n","protected":false},"author":1,"featured_media":0,"parent":0,"menu_order":0,"comment_status":"closed","ping_status":"closed","template":"","meta":{"_et_pb_use_builder":"on","_et_pb_old_content":"","_et_gb_content_width":"","footnotes":""},"class_list":["post-51","page","type-page","status-publish","hentry"],"_links":{"self":[{"href":"https:\/\/expoinformatika.hu\/index.php?rest_route=\/wp\/v2\/pages\/51","targetHints":{"allow":["GET"]}}],"collection":[{"href":"https:\/\/expoinformatika.hu\/index.php?rest_route=\/wp\/v2\/pages"}],"about":[{"href":"https:\/\/expoinformatika.hu\/index.php?rest_route=\/wp\/v2\/types\/page"}],"author":[{"embeddable":true,"href":"https:\/\/expoinformatika.hu\/index.php?rest_route=\/wp\/v2\/users\/1"}],"replies":[{"embeddable":true,"href":"https:\/\/expoinformatika.hu\/index.php?rest_route=%2Fwp%2Fv2%2Fcomments&post=51"}],"version-history":[{"count":8,"href":"https:\/\/expoinformatika.hu\/index.php?rest_route=\/wp\/v2\/pages\/51\/revisions"}],"predecessor-version":[{"id":68,"href":"https:\/\/expoinformatika.hu\/index.php?rest_route=\/wp\/v2\/pages\/51\/revisions\/68"}],"wp:attachment":[{"href":"https:\/\/expoinformatika.hu\/index.php?rest_route=%2Fwp%2Fv2%2Fmedia&parent=51"}],"curies":[{"name":"wp","href":"https:\/\/api.w.org\/{rel}","templated":true}]}}